{"id":2992,"date":"2023-01-15T19:13:10","date_gmt":"2023-01-15T19:13:10","guid":{"rendered":"https:\/\/les-citoyens.org\/New\/?page_id=2992"},"modified":"2024-08-22T15:50:52","modified_gmt":"2024-08-22T15:50:52","slug":"gouvernance","status":"publish","type":"page","link":"https:\/\/les-citoyens.org\/New\/gouvernance\/","title":{"rendered":"Gouvernance"},"content":{"rendered":"\t\t<div data-elementor-type=\"wp-page\" data-elementor-id=\"2992\" class=\"elementor elementor-2992\" data-elementor-post-type=\"page\">\n\t\t\t\t\t\t<section class=\"elementor-section elementor-top-section elementor-element elementor-element-2384a67a elementor-section-stretched elementor-section-boxed elementor-section-height-default elementor-section-height-default\" data-id=\"2384a67a\" data-element_type=\"section\" data-e-type=\"section\" data-settings=\"{&quot;stretch_section&quot;:&quot;section-stretched&quot;,&quot;background_background&quot;:&quot;classic&quot;}\">\n\t\t\t\t\t\t\t<div class=\"elementor-background-overlay\"><\/div>\n\t\t\t\t\t\t\t<div class=\"elementor-container elementor-column-gap-no\">\n\t\t\t\t\t<div class=\"elementor-column elementor-col-100 elementor-top-column elementor-element elementor-element-7339e1a6\" data-id=\"7339e1a6\" data-element_type=\"column\" data-e-type=\"column\">\n\t\t\t<div class=\"elementor-widget-wrap elementor-element-populated\">\n\t\t\t\t\t\t<div class=\"elementor-element elementor-element-660c8448 elementor-widget__width-initial elementor-invisible elementor-widget elementor-widget-heading\" data-id=\"660c8448\" data-element_type=\"widget\" data-e-type=\"widget\" data-settings=\"{&quot;_animation&quot;:&quot;fadeIn&quot;}\" data-widget_type=\"heading.default\">\n\t\t\t\t<div class=\"elementor-widget-container\">\n\t\t\t\t\t<h1 class=\"elementor-heading-title elementor-size-default\">Gouvernance<\/h1>\t\t\t\t<\/div>\n\t\t\t\t<\/div>\n\t\t\t\t\t<\/div>\n\t\t<\/div>\n\t\t\t\t\t<\/div>\n\t\t<\/section>\n\t\t<div class=\"elementor-element elementor-element-44bef1e e-flex e-con-boxed e-con e-parent\" data-id=\"44bef1e\" data-element_type=\"container\" data-e-type=\"container\">\n\t\t\t\t\t<div class=\"e-con-inner\">\n\t\t<div class=\"elementor-element elementor-element-bacd4e8 e-con-full e-flex e-con e-child\" data-id=\"bacd4e8\" data-element_type=\"container\" data-e-type=\"container\">\n\t\t\t\t<\/div>\n\t\t<div class=\"elementor-element elementor-element-44a5057 e-con-full e-flex e-con e-child\" data-id=\"44a5057\" data-element_type=\"container\" data-e-type=\"container\">\n\t\t\t\t<div class=\"elementor-element elementor-element-974774b elementor-widget__width-initial elementor-drop-cap-yes elementor-drop-cap-view-framed elementor-invisible elementor-widget elementor-widget-text-editor\" data-id=\"974774b\" data-element_type=\"widget\" data-e-type=\"widget\" data-settings=\"{&quot;drop_cap&quot;:&quot;yes&quot;,&quot;_animation&quot;:&quot;zoomIn&quot;}\" data-widget_type=\"text-editor.default\">\n\t\t\t\t<div class=\"elementor-widget-container\">\n\t\t\t\t\t\t\t\t\t<p>Les Citoyens est une association ind\u00e9pendante qui r\u00e9unit des membres de la soci\u00e9t\u00e9 civile issus de divers horizons et milieux d&rsquo;expertise. Fond\u00e9e par des individus partageant un objectif commun : servir pour un Maroc meilleur, notre association a pour ambition de mettre en commun les talents et les exp\u00e9riences de chacun pour atteindre un impact collectif plus significatif. Nous sommes un mouvement cr\u00e9\u00e9 par et pour tous les citoyens et citoyennes du Maroc, convaincus que nous pouvons r\u00e9aliser des changements durables en travaillant ensemble. Engag\u00e9s \u00e0 promouvoir un d\u00e9veloppement durable et inclusif, nous faisons de notre slogan <strong>\u00ab\u00a0mieux vivre &amp; agir ensemble\u00a0\u00bb<\/strong> la pierre angulaire de notre action. Nous sommes fiers de la diversit\u00e9 de nos membres et de nos fondateurs, car elle renforce notre capacit\u00e9 \u00e0 atteindre nos objectifs communs.<\/p>\t\t\t\t\t\t\t\t<\/div>\n\t\t\t\t<\/div>\n\t\t\t\t<\/div>\n\t\t<div class=\"elementor-element elementor-element-76269d1 e-con-full e-flex e-con e-child\" data-id=\"76269d1\" data-element_type=\"container\" data-e-type=\"container\">\n\t\t\t\t<\/div>\n\t\t\t\t\t<\/div>\n\t\t\t\t<\/div>\n\t\t\t\t<div class=\"elementor-section elementor-top-section elementor-element elementor-element-371989d9 elementor-section-stretched elementor-section-full_width elementor-section-height-default elementor-section-height-default\" data-id=\"371989d9\" data-element_type=\"section\" data-e-type=\"section\" data-settings=\"{&quot;stretch_section&quot;:&quot;section-stretched&quot;,&quot;background_background&quot;:&quot;classic&quot;}\">\n\t\t\t\t\t\t<div class=\"elementor-container elementor-column-gap-default\">\n\t\t\t\t\t<div class=\"elementor-column elementor-col-100 elementor-top-column elementor-element elementor-element-1362e40\" data-id=\"1362e40\" data-element_type=\"column\" data-e-type=\"column\">\n\t\t\t<div class=\"elementor-widget-wrap elementor-element-populated\">\n\t\t\t\t\t\t<div class=\"elementor-element elementor-element-1694ee1 elementor-widget elementor-widget-image\" data-id=\"1694ee1\" data-element_type=\"widget\" data-e-type=\"widget\" data-widget_type=\"image.default\">\n\t\t\t\t<div class=\"elementor-widget-container\">\n\t\t\t\t\t\t\t\t\t\t\t\t\t\t\t<img fetchpriority=\"high\" decoding=\"async\" width=\"800\" height=\"600\" src=\"https:\/\/les-citoyens.org\/New\/wp-content\/uploads\/2024\/08\/Concept-note-I-Dialogues-Citoyens-I-Berkane.png\" class=\"attachment-large size-large wp-image-5354\" alt=\"\" srcset=\"https:\/\/les-citoyens.org\/New\/wp-content\/uploads\/2024\/08\/Concept-note-I-Dialogues-Citoyens-I-Berkane.png 1024w, https:\/\/les-citoyens.org\/New\/wp-content\/uploads\/2024\/08\/Concept-note-I-Dialogues-Citoyens-I-Berkane-533x400.png 533w, https:\/\/les-citoyens.org\/New\/wp-content\/uploads\/2024\/08\/Concept-note-I-Dialogues-Citoyens-I-Berkane-768x576.png 768w, https:\/\/les-citoyens.org\/New\/wp-content\/uploads\/2024\/08\/Concept-note-I-Dialogues-Citoyens-I-Berkane-510x383.png 510w\" sizes=\"(max-width: 800px) 100vw, 800px\" \/>\t\t\t\t\t\t\t\t\t\t\t\t\t\t\t<\/div>\n\t\t\t\t<\/div>\n\t\t\t\t\t<\/div>\n\t\t<\/div>\n\t\t\t\t\t<\/div>\n\t\t<\/div>\n\t\t\t\t<\/div>\n\t\t","protected":false},"excerpt":{"rendered":"<p>Gouvernance Les Citoyens est une association ind\u00e9pendante qui r\u00e9unit des membres de la soci\u00e9t\u00e9 civile issus de divers horizons et milieux d&rsquo;expertise. Fond\u00e9e par des individus partageant un objectif commun : servir pour un Maroc meilleur, notre association a pour ambition de mettre en commun les talents et les exp\u00e9riences de chacun pour atteindre un [&hellip;]<\/p>\n","protected":false},"author":1,"featured_media":0,"parent":0,"menu_order":0,"comment_status":"closed","ping_status":"closed","template":"elementor_header_footer","meta":{"footnotes":""},"class_list":["post-2992","page","type-page","status-publish","hentry"],"_links":{"self":[{"href":"https:\/\/les-citoyens.org\/New\/wp-json\/wp\/v2\/pages\/2992","targetHints":{"allow":["GET"]}}],"collection":[{"href":"https:\/\/les-citoyens.org\/New\/wp-json\/wp\/v2\/pages"}],"about":[{"href":"https:\/\/les-citoyens.org\/New\/wp-json\/wp\/v2\/types\/page"}],"author":[{"embeddable":true,"href":"https:\/\/les-citoyens.org\/New\/wp-json\/wp\/v2\/users\/1"}],"replies":[{"embeddable":true,"href":"https:\/\/les-citoyens.org\/New\/wp-json\/wp\/v2\/comments?post=2992"}],"version-history":[{"count":46,"href":"https:\/\/les-citoyens.org\/New\/wp-json\/wp\/v2\/pages\/2992\/revisions"}],"predecessor-version":[{"id":5362,"href":"https:\/\/les-citoyens.org\/New\/wp-json\/wp\/v2\/pages\/2992\/revisions\/5362"}],"wp:attachment":[{"href":"https:\/\/les-citoyens.org\/New\/wp-json\/wp\/v2\/media?parent=2992"}],"curies":[{"name":"wp","href":"https:\/\/api.w.org\/{rel}","templated":true}]}}