{"id":3036,"date":"2023-01-15T19:24:01","date_gmt":"2023-01-15T19:24:01","guid":{"rendered":"https:\/\/les-citoyens.org\/New\/?page_id=3036"},"modified":"2023-02-24T19:03:32","modified_gmt":"2023-02-24T19:03:32","slug":"devenir-partenaire","status":"publish","type":"page","link":"https:\/\/les-citoyens.org\/New\/devenir-partenaire\/","title":{"rendered":"Devenir partenaire"},"content":{"rendered":"\t\t<div data-elementor-type=\"wp-page\" data-elementor-id=\"3036\" class=\"elementor elementor-3036\" data-elementor-post-type=\"page\">\n\t\t\t\t\t\t<section class=\"elementor-section elementor-top-section elementor-element elementor-element-7f4c4630 elementor-section-content-middle elementor-section-full_width elementor-section-height-default elementor-section-height-default\" data-id=\"7f4c4630\" data-element_type=\"section\" data-e-type=\"section\" data-settings=\"{&quot;background_background&quot;:&quot;classic&quot;}\">\n\t\t\t\t\t\t\t<div class=\"elementor-background-overlay\"><\/div>\n\t\t\t\t\t\t\t<div class=\"elementor-container elementor-column-gap-no\">\n\t\t\t\t\t<div class=\"elementor-column elementor-col-100 elementor-top-column elementor-element elementor-element-13e8579e\" data-id=\"13e8579e\" data-element_type=\"column\" data-e-type=\"column\">\n\t\t\t<div class=\"elementor-widget-wrap elementor-element-populated\">\n\t\t\t\t\t\t<section class=\"elementor-section elementor-inner-section elementor-element elementor-element-6ef132fa elementor-section-full_width elementor-section-height-default elementor-section-height-default\" data-id=\"6ef132fa\" data-element_type=\"section\" data-e-type=\"section\">\n\t\t\t\t\t\t<div class=\"elementor-container elementor-column-gap-default\">\n\t\t\t\t\t<div class=\"elementor-column elementor-col-33 elementor-inner-column elementor-element elementor-element-1f4619\" data-id=\"1f4619\" data-element_type=\"column\" data-e-type=\"column\">\n\t\t\t<div class=\"elementor-widget-wrap elementor-element-populated\">\n\t\t\t\t\t\t<div class=\"elementor-element elementor-element-7458f6d2 elementor-widget-divider--view-line elementor-widget elementor-widget-divider\" data-id=\"7458f6d2\" data-element_type=\"widget\" data-e-type=\"widget\" data-widget_type=\"divider.default\">\n\t\t\t\t<div class=\"elementor-widget-container\">\n\t\t\t\t\t\t\t<div class=\"elementor-divider\">\n\t\t\t<span class=\"elementor-divider-separator\">\n\t\t\t\t\t\t<\/span>\n\t\t<\/div>\n\t\t\t\t\t\t<\/div>\n\t\t\t\t<\/div>\n\t\t\t\t\t<\/div>\n\t\t<\/div>\n\t\t\t\t<div class=\"elementor-column elementor-col-33 elementor-inner-column elementor-element elementor-element-409abbdf\" data-id=\"409abbdf\" data-element_type=\"column\" data-e-type=\"column\">\n\t\t\t<div class=\"elementor-widget-wrap elementor-element-populated\">\n\t\t\t\t\t\t<div class=\"elementor-element elementor-element-70e206e elementor-widget__width-inherit elementor-widget-tablet__width-initial elementor-widget elementor-widget-heading\" data-id=\"70e206e\" data-element_type=\"widget\" data-e-type=\"widget\" data-widget_type=\"heading.default\">\n\t\t\t\t<div class=\"elementor-widget-container\">\n\t\t\t\t\t<h2 class=\"elementor-heading-title elementor-size-default\">Nos partenaires<\/h2>\t\t\t\t<\/div>\n\t\t\t\t<\/div>\n\t\t\t\t<div class=\"elementor-element elementor-element-8c3597a elementor-widget elementor-widget-text-editor\" data-id=\"8c3597a\" data-element_type=\"widget\" data-e-type=\"widget\" data-widget_type=\"text-editor.default\">\n\t\t\t\t<div class=\"elementor-widget-container\">\n\t\t\t\t\t\t\t\t\t<p>Notre Mouvement Les Citoyens est fier de s&rsquo;appuyer sur une communaut\u00e9 engag\u00e9e et diversifi\u00e9e, compos\u00e9e de citoyens et citoyennes, membres, jeunes, ambassadeurs et partenaires, qui ont choisi de mettre leur talent et leur expertise au service des causes citoyennes. Nous tenons \u00e0 remercier chaleureusement nos partenaires pour leur soutien constant et leur engagement \u00e0 nos c\u00f4t\u00e9s. Gr\u00e2ce \u00e0 leur contribution, nous pouvons atteindre un plus grand nombre de citoyens dans les diff\u00e9rentes r\u00e9gions du Maroc et contribuer \u00e0 un d\u00e9veloppement durable et inclusif. <\/p>\t\t\t\t\t\t\t\t<\/div>\n\t\t\t\t<\/div>\n\t\t\t\t<div class=\"elementor-element elementor-element-beb6e20 elementor-widget elementor-widget-text-editor\" data-id=\"beb6e20\" data-element_type=\"widget\" data-e-type=\"widget\" data-widget_type=\"text-editor.default\">\n\t\t\t\t<div class=\"elementor-widget-container\">\n\t\t\t\t\t\t\t\t\t<p>Si vous souhaitez vous joindre \u00e0 un r\u00e9seau de plus d&rsquo;une centaine d&rsquo;associations et groupements d&rsquo;int\u00e9r\u00eats qui oeuvrent pour un changement positif, n&rsquo;h\u00e9sitez pas \u00e0 remplir le formulaire suivant:\u200b<\/p>\t\t\t\t\t\t\t\t<\/div>\n\t\t\t\t<\/div>\n\t\t\t\t\t<\/div>\n\t\t<\/div>\n\t\t\t\t<div class=\"elementor-column elementor-col-33 elementor-inner-column elementor-element elementor-element-2bc09cf7\" data-id=\"2bc09cf7\" data-element_type=\"column\" data-e-type=\"column\">\n\t\t\t<div class=\"elementor-widget-wrap elementor-element-populated\">\n\t\t\t\t\t\t<div class=\"elementor-element elementor-element-7be318e1 elementor-widget-divider--view-line elementor-widget elementor-widget-divider\" data-id=\"7be318e1\" data-element_type=\"widget\" data-e-type=\"widget\" data-widget_type=\"divider.default\">\n\t\t\t\t<div class=\"elementor-widget-container\">\n\t\t\t\t\t\t\t<div class=\"elementor-divider\">\n\t\t\t<span class=\"elementor-divider-separator\">\n\t\t\t\t\t\t<\/span>\n\t\t<\/div>\n\t\t\t\t\t\t<\/div>\n\t\t\t\t<\/div>\n\t\t\t\t\t<\/div>\n\t\t<\/div>\n\t\t\t\t\t<\/div>\n\t\t<\/section>\n\t\t\t\t<div class=\"elementor-element elementor-element-3bf76a7f elementor-widget elementor-widget-spacer\" data-id=\"3bf76a7f\" data-element_type=\"widget\" data-e-type=\"widget\" data-widget_type=\"spacer.default\">\n\t\t\t\t<div class=\"elementor-widget-container\">\n\t\t\t\t\t\t\t<div class=\"elementor-spacer\">\n\t\t\t<div class=\"elementor-spacer-inner\"><\/div>\n\t\t<\/div>\n\t\t\t\t\t\t<\/div>\n\t\t\t\t<\/div>\n\t\t\t\t<section class=\"elementor-section elementor-inner-section elementor-element elementor-element-65b57b9c elementor-section-boxed elementor-section-height-default elementor-section-height-default\" data-id=\"65b57b9c\" data-element_type=\"section\" data-e-type=\"section\">\n\t\t\t\t\t\t<div class=\"elementor-container elementor-column-gap-default\">\n\t\t\t\t\t<div class=\"elementor-column elementor-col-100 elementor-inner-column elementor-element elementor-element-365d61fb\" data-id=\"365d61fb\" data-element_type=\"column\" data-e-type=\"column\" data-settings=\"{&quot;background_background&quot;:&quot;classic&quot;}\">\n\t\t\t<div class=\"elementor-widget-wrap elementor-element-populated\">\n\t\t\t\t\t\t<div class=\"elementor-element elementor-element-2ea42d0b elementor-button-align-center elementor-widget elementor-widget-form\" data-id=\"2ea42d0b\" data-element_type=\"widget\" data-e-type=\"widget\" data-settings=\"{&quot;step_next_label&quot;:&quot;Envoyer&quot;,&quot;step_previous_label&quot;:&quot;Previous&quot;,&quot;step_type&quot;:&quot;number_text&quot;,&quot;step_icon_shape&quot;:&quot;circle&quot;}\" data-widget_type=\"form.default\">\n\t\t\t\t<div class=\"elementor-widget-container\">\n\t\t\t\t\t\t\t<form class=\"elementor-form\" method=\"post\" name=\"New Form\">\n\t\t\t<input type=\"hidden\" name=\"post_id\" value=\"3036\"\/>\n\t\t\t<input type=\"hidden\" name=\"form_id\" value=\"2ea42d0b\"\/>\n\t\t\t<input type=\"hidden\" name=\"referer_title\" value=\"Devenir partenaire\" \/>\n\n\t\t\t\t\t\t\t<input type=\"hidden\" name=\"queried_id\" value=\"3036\"\/>\n\t\t\t\n\t\t\t<div class=\"elementor-form-fields-wrapper elementor-labels-above\">\n\t\t\t\t\t\t\t\t<div class=\"elementor-field-type-text elementor-field-group elementor-column elementor-field-group-name elementor-col-50 elementor-field-required elementor-mark-required\">\n\t\t\t\t\t\t\t\t\t\t\t\t<label for=\"form-field-name\" class=\"elementor-field-label\">\n\t\t\t\t\t\t\t\tNom\t\t\t\t\t\t\t<\/label>\n\t\t\t\t\t\t\t\t\t\t\t\t\t\t<input size=\"1\" type=\"text\" name=\"form_fields[name]\" id=\"form-field-name\" class=\"elementor-field elementor-size-md  elementor-field-textual\" placeholder=\"Votre r\u00e9ponse\" required=\"required\">\n\t\t\t\t\t\t\t\t\t\t\t<\/div>\n\t\t\t\t\t\t\t\t<div class=\"elementor-field-type-text elementor-field-group elementor-column elementor-field-group-be51549 elementor-col-50 elementor-field-required elementor-mark-required\">\n\t\t\t\t\t\t\t\t\t\t\t\t<label for=\"form-field-be51549\" class=\"elementor-field-label\">\n\t\t\t\t\t\t\t\tPr\u00e9nom \t\t\t\t\t\t\t<\/label>\n\t\t\t\t\t\t\t\t\t\t\t\t\t\t<input size=\"1\" type=\"text\" name=\"form_fields[be51549]\" id=\"form-field-be51549\" class=\"elementor-field elementor-size-md  elementor-field-textual\" placeholder=\"Votre r\u00e9ponse\" required=\"required\">\n\t\t\t\t\t\t\t\t\t\t\t<\/div>\n\t\t\t\t\t\t\t\t<div class=\"elementor-field-type-tel elementor-field-group elementor-column elementor-field-group-field_a452172 elementor-col-50 elementor-field-required elementor-mark-required\">\n\t\t\t\t\t\t\t\t\t\t\t\t<label for=\"form-field-field_a452172\" class=\"elementor-field-label\">\n\t\t\t\t\t\t\t\tT\u00e9l\u00e9phone \t\t\t\t\t\t\t<\/label>\n\t\t\t\t\t\t\t\t<input size=\"1\" type=\"tel\" name=\"form_fields[field_a452172]\" id=\"form-field-field_a452172\" class=\"elementor-field elementor-size-md  elementor-field-textual\" placeholder=\"Votre r\u00e9ponse\" required=\"required\" pattern=\"[0-9()#&amp;+*-=.]+\" title=\"Seuls les caract\u00e8res de num\u00e9ros de t\u00e9l\u00e9phone (#, -, *, etc.) sont accept\u00e9s.\">\n\n\t\t\t\t\t\t<\/div>\n\t\t\t\t\t\t\t\t<div class=\"elementor-field-type-email elementor-field-group elementor-column elementor-field-group-email elementor-col-50 elementor-field-required elementor-mark-required\">\n\t\t\t\t\t\t\t\t\t\t\t\t<label for=\"form-field-email\" class=\"elementor-field-label\">\n\t\t\t\t\t\t\t\tAddress email \t\t\t\t\t\t\t<\/label>\n\t\t\t\t\t\t\t\t\t\t\t\t\t\t<input size=\"1\" type=\"email\" name=\"form_fields[email]\" id=\"form-field-email\" class=\"elementor-field elementor-size-md  elementor-field-textual\" placeholder=\"Votre r\u00e9ponse\" required=\"required\">\n\t\t\t\t\t\t\t\t\t\t\t<\/div>\n\t\t\t\t\t\t\t\t<div class=\"elementor-field-type-text elementor-field-group elementor-column elementor-field-group-field_db364f3 elementor-col-50 elementor-field-required elementor-mark-required\">\n\t\t\t\t\t\t\t\t\t\t\t\t<label for=\"form-field-field_db364f3\" class=\"elementor-field-label\">\n\t\t\t\t\t\t\t\tR\u00e9gion\t\t\t\t\t\t\t<\/label>\n\t\t\t\t\t\t\t\t\t\t\t\t\t\t<input size=\"1\" type=\"text\" name=\"form_fields[field_db364f3]\" id=\"form-field-field_db364f3\" class=\"elementor-field elementor-size-md  elementor-field-textual\" placeholder=\"Votre r\u00e9ponse\" required=\"required\">\n\t\t\t\t\t\t\t\t\t\t\t<\/div>\n\t\t\t\t\t\t\t\t<div class=\"elementor-field-type-text elementor-field-group elementor-column elementor-field-group-field_aa3b9b4 elementor-col-50 elementor-field-required elementor-mark-required\">\n\t\t\t\t\t\t\t\t\t\t\t\t<label for=\"form-field-field_aa3b9b4\" class=\"elementor-field-label\">\n\t\t\t\t\t\t\t\tVille\t\t\t\t\t\t\t<\/label>\n\t\t\t\t\t\t\t\t\t\t\t\t\t\t<input size=\"1\" type=\"text\" name=\"form_fields[field_aa3b9b4]\" id=\"form-field-field_aa3b9b4\" class=\"elementor-field elementor-size-md  elementor-field-textual\" placeholder=\"Votre r\u00e9ponse\" required=\"required\">\n\t\t\t\t\t\t\t\t\t\t\t<\/div>\n\t\t\t\t\t\t\t\t<div class=\"elementor-field-type-text elementor-field-group elementor-column elementor-field-group-field_a72d44d elementor-col-50 elementor-field-required elementor-mark-required\">\n\t\t\t\t\t\t\t\t\t\t\t\t<label for=\"form-field-field_a72d44d\" class=\"elementor-field-label\">\n\t\t\t\t\t\t\t\tOrganisme\t\t\t\t\t\t\t<\/label>\n\t\t\t\t\t\t\t\t\t\t\t\t\t\t<input size=\"1\" type=\"text\" name=\"form_fields[field_a72d44d]\" id=\"form-field-field_a72d44d\" class=\"elementor-field elementor-size-md  elementor-field-textual\" placeholder=\"Votre r\u00e9ponse\" required=\"required\">\n\t\t\t\t\t\t\t\t\t\t\t<\/div>\n\t\t\t\t\t\t\t\t<div class=\"elementor-field-type-text elementor-field-group elementor-column elementor-field-group-field_cfda0b4 elementor-col-50 elementor-field-required elementor-mark-required\">\n\t\t\t\t\t\t\t\t\t\t\t\t<label for=\"form-field-field_cfda0b4\" class=\"elementor-field-label\">\n\t\t\t\t\t\t\t\tFonction\t\t\t\t\t\t\t<\/label>\n\t\t\t\t\t\t\t\t\t\t\t\t\t\t<input size=\"1\" type=\"text\" name=\"form_fields[field_cfda0b4]\" id=\"form-field-field_cfda0b4\" class=\"elementor-field elementor-size-md  elementor-field-textual\" placeholder=\"Votre r\u00e9ponse\" required=\"required\">\n\t\t\t\t\t\t\t\t\t\t\t<\/div>\n\t\t\t\t\t\t\t\t<div class=\"elementor-field-type-textarea elementor-field-group elementor-column elementor-field-group-field_1e5b23b elementor-col-100 elementor-field-required elementor-mark-required\">\n\t\t\t\t\t\t\t\t\t\t\t\t<label for=\"form-field-field_1e5b23b\" class=\"elementor-field-label\">\n\t\t\t\t\t\t\t\tProposition de partenariat\t\t\t\t\t\t\t<\/label>\n\t\t\t\t\t\t<textarea class=\"elementor-field-textual elementor-field  elementor-size-md\" name=\"form_fields[field_1e5b23b]\" id=\"form-field-field_1e5b23b\" rows=\"5\" placeholder=\"Votre r\u00e9ponse\" required=\"required\"><\/textarea>\t\t\t\t<\/div>\n\t\t\t\t\t\t\t\t<div class=\"elementor-field-type-checkbox elementor-field-group elementor-column elementor-field-group-field_ef1d7f9 elementor-col-100\">\n\t\t\t\t\t\t\t\t\t\t\t\t<label for=\"form-field-field_ef1d7f9\" class=\"elementor-field-label\">\n\t\t\t\t\t\t\t\tAxe de partenariat\t\t\t\t\t\t\t<\/label>\n\t\t\t\t\t\t<div class=\"elementor-field-subgroup  \"><span class=\"elementor-field-option\"><input type=\"checkbox\" value=\"- Jeunesse\" id=\"form-field-field_ef1d7f9-0\" name=\"form_fields[field_ef1d7f9][]\"> <label for=\"form-field-field_ef1d7f9-0\">- Jeunesse<\/label><\/span><span class=\"elementor-field-option\"><input type=\"checkbox\" value=\"- Femmes\" id=\"form-field-field_ef1d7f9-1\" name=\"form_fields[field_ef1d7f9][]\"> <label for=\"form-field-field_ef1d7f9-1\">- Femmes<\/label><\/span><span class=\"elementor-field-option\"><input type=\"checkbox\" value=\"- D\u00e9veloppement durable\" id=\"form-field-field_ef1d7f9-2\" name=\"form_fields[field_ef1d7f9][]\"> <label for=\"form-field-field_ef1d7f9-2\">- D\u00e9veloppement durable<\/label><\/span><span class=\"elementor-field-option\"><input type=\"checkbox\" value=\"- Citoyennet\u00e9 \" id=\"form-field-field_ef1d7f9-3\" name=\"form_fields[field_ef1d7f9][]\"> <label for=\"form-field-field_ef1d7f9-3\">- Citoyennet\u00e9 <\/label><\/span><span class=\"elementor-field-option\"><input type=\"checkbox\" value=\"- Entreprenariat\" id=\"form-field-field_ef1d7f9-4\" name=\"form_fields[field_ef1d7f9][]\"> <label for=\"form-field-field_ef1d7f9-4\">- Entreprenariat<\/label><\/span><span class=\"elementor-field-option\"><input type=\"checkbox\" value=\"- Inclusion Sociale\" id=\"form-field-field_ef1d7f9-5\" name=\"form_fields[field_ef1d7f9][]\"> <label for=\"form-field-field_ef1d7f9-5\">- Inclusion Sociale<\/label><\/span><span class=\"elementor-field-option\"><input type=\"checkbox\" value=\"- Leadership\" id=\"form-field-field_ef1d7f9-6\" name=\"form_fields[field_ef1d7f9][]\"> <label for=\"form-field-field_ef1d7f9-6\">- Leadership<\/label><\/span><span class=\"elementor-field-option\"><input type=\"checkbox\" value=\"- Autres\" id=\"form-field-field_ef1d7f9-7\" name=\"form_fields[field_ef1d7f9][]\"> <label for=\"form-field-field_ef1d7f9-7\">- Autres<\/label><\/span><\/div>\t\t\t\t<\/div>\n\t\t\t\t\t\t\t\t<div class=\"elementor-field-group elementor-column elementor-field-type-submit elementor-col-100 e-form__buttons\">\n\t\t\t\t\t<button class=\"elementor-button elementor-size-md elementor-animation-bounce-out\" type=\"submit\">\n\t\t\t\t\t\t<span class=\"elementor-button-content-wrapper\">\n\t\t\t\t\t\t\t\t\t\t\t\t\t\t\t<span class=\"elementor-button-icon\">\n\t\t\t\t\t\t\t\t\t<i aria-hidden=\"true\" class=\"icon icon-envelope3\"><\/i>\t\t\t\t\t\t\t\t\t\t\t\t\t\t\t\t\t<\/span>\n\t\t\t\t\t\t\t\t\t\t\t\t\t\t\t\t\t\t\t\t\t\t<span class=\"elementor-button-text\">Envoyer<\/span>\n\t\t\t\t\t\t\t\t\t\t\t\t\t<\/span>\n\t\t\t\t\t<\/button>\n\t\t\t\t<\/div>\n\t\t\t<\/div>\n\t\t<\/form>\n\t\t\t\t\t\t<\/div>\n\t\t\t\t<\/div>\n\t\t\t\t\t<\/div>\n\t\t<\/div>\n\t\t\t\t\t<\/div>\n\t\t<\/section>\n\t\t\t\t<div class=\"elementor-element elementor-element-444cb11c elementor-widget elementor-widget-spacer\" data-id=\"444cb11c\" data-element_type=\"widget\" data-e-type=\"widget\" data-widget_type=\"spacer.default\">\n\t\t\t\t<div class=\"elementor-widget-container\">\n\t\t\t\t\t\t\t<div class=\"elementor-spacer\">\n\t\t\t<div class=\"elementor-spacer-inner\"><\/div>\n\t\t<\/div>\n\t\t\t\t\t\t<\/div>\n\t\t\t\t<\/div>\n\t\t\t\t\t<\/div>\n\t\t<\/div>\n\t\t\t\t\t<\/div>\n\t\t<\/section>\n\t\t\t\t<\/div>\n\t\t","protected":false},"excerpt":{"rendered":"<p>Nos partenaires Notre Mouvement Les Citoyens est fier de s&rsquo;appuyer sur une communaut\u00e9 engag\u00e9e et diversifi\u00e9e, compos\u00e9e de citoyens et citoyennes, membres, jeunes, ambassadeurs et partenaires, qui ont choisi de mettre leur talent et leur expertise au service des causes citoyennes. Nous tenons \u00e0 remercier chaleureusement nos partenaires pour leur soutien constant et leur engagement [&hellip;]<\/p>\n","protected":false},"author":1,"featured_media":0,"parent":0,"menu_order":0,"comment_status":"closed","ping_status":"closed","template":"","meta":{"footnotes":""},"class_list":["post-3036","page","type-page","status-publish","hentry"],"_links":{"self":[{"href":"https:\/\/les-citoyens.org\/New\/wp-json\/wp\/v2\/pages\/3036","targetHints":{"allow":["GET"]}}],"collection":[{"href":"https:\/\/les-citoyens.org\/New\/wp-json\/wp\/v2\/pages"}],"about":[{"href":"https:\/\/les-citoyens.org\/New\/wp-json\/wp\/v2\/types\/page"}],"author":[{"embeddable":true,"href":"https:\/\/les-citoyens.org\/New\/wp-json\/wp\/v2\/users\/1"}],"replies":[{"embeddable":true,"href":"https:\/\/les-citoyens.org\/New\/wp-json\/wp\/v2\/comments?post=3036"}],"version-history":[{"count":67,"href":"https:\/\/les-citoyens.org\/New\/wp-json\/wp\/v2\/pages\/3036\/revisions"}],"predecessor-version":[{"id":4899,"href":"https:\/\/les-citoyens.org\/New\/wp-json\/wp\/v2\/pages\/3036\/revisions\/4899"}],"wp:attachment":[{"href":"https:\/\/les-citoyens.org\/New\/wp-json\/wp\/v2\/media?parent=3036"}],"curies":[{"name":"wp","href":"https:\/\/api.w.org\/{rel}","templated":true}]}}