{"id":3038,"date":"2023-01-15T19:24:23","date_gmt":"2023-01-15T19:24:23","guid":{"rendered":"https:\/\/les-citoyens.org\/New\/?page_id=3038"},"modified":"2023-02-24T19:11:47","modified_gmt":"2023-02-24T19:11:47","slug":"devenir-ambassadeur-ice","status":"publish","type":"page","link":"https:\/\/les-citoyens.org\/New\/devenir-ambassadeur-ice\/","title":{"rendered":"Devenir ambassadeur\/ice"},"content":{"rendered":"\t\t<div data-elementor-type=\"wp-page\" data-elementor-id=\"3038\" class=\"elementor elementor-3038\" data-elementor-post-type=\"page\">\n\t\t\t\t\t\t<section class=\"elementor-section elementor-top-section elementor-element elementor-element-51129d8e elementor-section-content-middle elementor-section-full_width elementor-section-height-default elementor-section-height-default\" data-id=\"51129d8e\" data-element_type=\"section\" data-e-type=\"section\" data-settings=\"{&quot;background_background&quot;:&quot;classic&quot;}\">\n\t\t\t\t\t\t\t<div class=\"elementor-background-overlay\"><\/div>\n\t\t\t\t\t\t\t<div class=\"elementor-container elementor-column-gap-no\">\n\t\t\t\t\t<div class=\"elementor-column elementor-col-100 elementor-top-column elementor-element elementor-element-5e58e495\" data-id=\"5e58e495\" data-element_type=\"column\" data-e-type=\"column\">\n\t\t\t<div class=\"elementor-widget-wrap elementor-element-populated\">\n\t\t\t\t\t\t<section class=\"elementor-section elementor-inner-section elementor-element elementor-element-5304a1d0 elementor-section-full_width elementor-section-height-default elementor-section-height-default\" data-id=\"5304a1d0\" data-element_type=\"section\" data-e-type=\"section\">\n\t\t\t\t\t\t<div class=\"elementor-container elementor-column-gap-default\">\n\t\t\t\t\t<div class=\"elementor-column elementor-col-33 elementor-inner-column elementor-element elementor-element-505d3d28\" data-id=\"505d3d28\" data-element_type=\"column\" data-e-type=\"column\">\n\t\t\t<div class=\"elementor-widget-wrap elementor-element-populated\">\n\t\t\t\t\t\t<div class=\"elementor-element elementor-element-7ef5d126 elementor-widget-divider--view-line elementor-widget elementor-widget-divider\" data-id=\"7ef5d126\" data-element_type=\"widget\" data-e-type=\"widget\" data-widget_type=\"divider.default\">\n\t\t\t\t<div class=\"elementor-widget-container\">\n\t\t\t\t\t\t\t<div class=\"elementor-divider\">\n\t\t\t<span class=\"elementor-divider-separator\">\n\t\t\t\t\t\t<\/span>\n\t\t<\/div>\n\t\t\t\t\t\t<\/div>\n\t\t\t\t<\/div>\n\t\t\t\t\t<\/div>\n\t\t<\/div>\n\t\t\t\t<div class=\"elementor-column elementor-col-33 elementor-inner-column elementor-element elementor-element-7c793eb\" data-id=\"7c793eb\" data-element_type=\"column\" data-e-type=\"column\">\n\t\t\t<div class=\"elementor-widget-wrap elementor-element-populated\">\n\t\t\t\t\t\t<div class=\"elementor-element elementor-element-57699a57 elementor-widget__width-inherit elementor-widget-tablet__width-initial elementor-widget elementor-widget-heading\" data-id=\"57699a57\" data-element_type=\"widget\" data-e-type=\"widget\" data-widget_type=\"heading.default\">\n\t\t\t\t<div class=\"elementor-widget-container\">\n\t\t\t\t\t<h2 class=\"elementor-heading-title elementor-size-default\">Devenir Ambassadeur\/ice de notre mouvement <\/h2>\t\t\t\t<\/div>\n\t\t\t\t<\/div>\n\t\t\t\t<div class=\"elementor-element elementor-element-f01d0ff elementor-widget elementor-widget-text-editor\" data-id=\"f01d0ff\" data-element_type=\"widget\" data-e-type=\"widget\" data-widget_type=\"text-editor.default\">\n\t\t\t\t<div class=\"elementor-widget-container\">\n\t\t\t\t\t\t\t\t\t<p>Vous \u00eates un jeune leader engag\u00e9, d\u00e9sireux de continuer \u00e0 apprendre et de partager les valeurs de l&rsquo;association Les Citoyens dans votre communaut\u00e9 locale, nous vous invitons \u00e0 rejoindre notre r\u00e9seau d&rsquo;ambassadeurs et d&rsquo;ambassadrices citoyens\/nes. En vous associant \u00e0 nous, vous aurez l&rsquo;opportunit\u00e9 de cr\u00e9er un impact significatif dans votre territoire, vous aurez acc\u00e8s \u00e0 un large choix de formations et vous allez faire partie d&rsquo;une grande famille de leaders de changement. Rejoignez-nous :<\/p>\t\t\t\t\t\t\t\t<\/div>\n\t\t\t\t<\/div>\n\t\t\t\t\t<\/div>\n\t\t<\/div>\n\t\t\t\t<div class=\"elementor-column elementor-col-33 elementor-inner-column elementor-element elementor-element-68bffdee\" data-id=\"68bffdee\" data-element_type=\"column\" data-e-type=\"column\">\n\t\t\t<div class=\"elementor-widget-wrap elementor-element-populated\">\n\t\t\t\t\t\t<div class=\"elementor-element elementor-element-19dd33df elementor-widget-divider--view-line elementor-widget elementor-widget-divider\" data-id=\"19dd33df\" data-element_type=\"widget\" data-e-type=\"widget\" data-widget_type=\"divider.default\">\n\t\t\t\t<div class=\"elementor-widget-container\">\n\t\t\t\t\t\t\t<div class=\"elementor-divider\">\n\t\t\t<span class=\"elementor-divider-separator\">\n\t\t\t\t\t\t<\/span>\n\t\t<\/div>\n\t\t\t\t\t\t<\/div>\n\t\t\t\t<\/div>\n\t\t\t\t\t<\/div>\n\t\t<\/div>\n\t\t\t\t\t<\/div>\n\t\t<\/section>\n\t\t\t\t<div class=\"elementor-element elementor-element-70899967 elementor-widget elementor-widget-spacer\" data-id=\"70899967\" data-element_type=\"widget\" data-e-type=\"widget\" data-widget_type=\"spacer.default\">\n\t\t\t\t<div class=\"elementor-widget-container\">\n\t\t\t\t\t\t\t<div class=\"elementor-spacer\">\n\t\t\t<div class=\"elementor-spacer-inner\"><\/div>\n\t\t<\/div>\n\t\t\t\t\t\t<\/div>\n\t\t\t\t<\/div>\n\t\t\t\t<section class=\"elementor-section elementor-inner-section elementor-element elementor-element-2d8b7fb6 elementor-section-boxed elementor-section-height-default elementor-section-height-default\" data-id=\"2d8b7fb6\" data-element_type=\"section\" data-e-type=\"section\">\n\t\t\t\t\t\t<div class=\"elementor-container elementor-column-gap-default\">\n\t\t\t\t\t<div class=\"elementor-column elementor-col-100 elementor-inner-column elementor-element elementor-element-414ca023\" data-id=\"414ca023\" data-element_type=\"column\" data-e-type=\"column\" data-settings=\"{&quot;background_background&quot;:&quot;classic&quot;}\">\n\t\t\t<div class=\"elementor-widget-wrap elementor-element-populated\">\n\t\t\t\t\t\t<div class=\"elementor-element elementor-element-5b12282e elementor-button-align-center elementor-widget elementor-widget-form\" data-id=\"5b12282e\" data-element_type=\"widget\" data-e-type=\"widget\" data-settings=\"{&quot;step_next_label&quot;:&quot;Envoyer&quot;,&quot;step_previous_label&quot;:&quot;Previous&quot;,&quot;step_type&quot;:&quot;number_text&quot;,&quot;step_icon_shape&quot;:&quot;circle&quot;}\" data-widget_type=\"form.default\">\n\t\t\t\t<div class=\"elementor-widget-container\">\n\t\t\t\t\t\t\t<form class=\"elementor-form\" method=\"post\" name=\"New Form\">\n\t\t\t<input type=\"hidden\" name=\"post_id\" value=\"3038\"\/>\n\t\t\t<input type=\"hidden\" name=\"form_id\" value=\"5b12282e\"\/>\n\t\t\t<input type=\"hidden\" name=\"referer_title\" value=\"Devenir ambassadeur\/ice\" \/>\n\n\t\t\t\t\t\t\t<input type=\"hidden\" name=\"queried_id\" value=\"3038\"\/>\n\t\t\t\n\t\t\t<div class=\"elementor-form-fields-wrapper elementor-labels-above\">\n\t\t\t\t\t\t\t\t<div class=\"elementor-field-type-text elementor-field-group elementor-column elementor-field-group-name elementor-col-50 elementor-md-100 elementor-field-required elementor-mark-required\">\n\t\t\t\t\t\t\t\t\t\t\t\t<label for=\"form-field-name\" class=\"elementor-field-label\">\n\t\t\t\t\t\t\t\tNom\t\t\t\t\t\t\t<\/label>\n\t\t\t\t\t\t\t\t\t\t\t\t\t\t<input size=\"1\" type=\"text\" name=\"form_fields[name]\" id=\"form-field-name\" class=\"elementor-field elementor-size-md  elementor-field-textual\" placeholder=\"Votre r\u00e9ponse\" required=\"required\">\n\t\t\t\t\t\t\t\t\t\t\t<\/div>\n\t\t\t\t\t\t\t\t<div class=\"elementor-field-type-text elementor-field-group elementor-column elementor-field-group-be51549 elementor-col-50 elementor-md-100 elementor-field-required elementor-mark-required\">\n\t\t\t\t\t\t\t\t\t\t\t\t<label for=\"form-field-be51549\" class=\"elementor-field-label\">\n\t\t\t\t\t\t\t\tPr\u00e9nom \t\t\t\t\t\t\t<\/label>\n\t\t\t\t\t\t\t\t\t\t\t\t\t\t<input size=\"1\" type=\"text\" name=\"form_fields[be51549]\" id=\"form-field-be51549\" class=\"elementor-field elementor-size-md  elementor-field-textual\" placeholder=\"Votre r\u00e9ponse\" required=\"required\">\n\t\t\t\t\t\t\t\t\t\t\t<\/div>\n\t\t\t\t\t\t\t\t<div class=\"elementor-field-type-date elementor-field-group elementor-column elementor-field-group-field_5195368 elementor-col-50 elementor-md-100 elementor-field-required elementor-mark-required\">\n\t\t\t\t\t\t\t\t\t\t\t\t<label for=\"form-field-field_5195368\" class=\"elementor-field-label\">\n\t\t\t\t\t\t\t\tdate de naissance \t\t\t\t\t\t\t<\/label>\n\t\t\t\t\t\t\n\t\t<input type=\"date\" name=\"form_fields[field_5195368]\" id=\"form-field-field_5195368\" class=\"elementor-field elementor-size-md  elementor-field-textual elementor-date-field\" placeholder=\"Votre r\u00e9ponse\" required=\"required\" pattern=\"[0-9]{4}-[0-9]{2}-[0-9]{2}\">\n\t\t\t\t\t\t<\/div>\n\t\t\t\t\t\t\t\t<div class=\"elementor-field-type-tel elementor-field-group elementor-column elementor-field-group-field_a452172 elementor-col-50 elementor-md-100 elementor-field-required elementor-mark-required\">\n\t\t\t\t\t\t\t\t\t\t\t\t<label for=\"form-field-field_a452172\" class=\"elementor-field-label\">\n\t\t\t\t\t\t\t\tT\u00e9l\t\t\t\t\t\t\t<\/label>\n\t\t\t\t\t\t\t\t<input size=\"1\" type=\"tel\" name=\"form_fields[field_a452172]\" id=\"form-field-field_a452172\" class=\"elementor-field elementor-size-md  elementor-field-textual\" placeholder=\"Votre r\u00e9ponse\" required=\"required\" pattern=\"[0-9()#&amp;+*-=.]+\" title=\"Seuls les caract\u00e8res de num\u00e9ros de t\u00e9l\u00e9phone (#, -, *, etc.) sont accept\u00e9s.\">\n\n\t\t\t\t\t\t<\/div>\n\t\t\t\t\t\t\t\t<div class=\"elementor-field-type-email elementor-field-group elementor-column elementor-field-group-email elementor-col-50 elementor-md-100 elementor-field-required elementor-mark-required\">\n\t\t\t\t\t\t\t\t\t\t\t\t<label for=\"form-field-email\" class=\"elementor-field-label\">\n\t\t\t\t\t\t\t\tAddress E-mail \t\t\t\t\t\t\t<\/label>\n\t\t\t\t\t\t\t\t\t\t\t\t\t\t<input size=\"1\" type=\"email\" name=\"form_fields[email]\" id=\"form-field-email\" class=\"elementor-field elementor-size-md  elementor-field-textual\" placeholder=\"Votre r\u00e9ponse\" required=\"required\">\n\t\t\t\t\t\t\t\t\t\t\t<\/div>\n\t\t\t\t\t\t\t\t<div class=\"elementor-field-type-text elementor-field-group elementor-column elementor-field-group-field_db364f3 elementor-col-50 elementor-md-100 elementor-field-required elementor-mark-required\">\n\t\t\t\t\t\t\t\t\t\t\t\t<label for=\"form-field-field_db364f3\" class=\"elementor-field-label\">\n\t\t\t\t\t\t\t\tR\u00e9gion\t\t\t\t\t\t\t<\/label>\n\t\t\t\t\t\t\t\t\t\t\t\t\t\t<input size=\"1\" type=\"text\" name=\"form_fields[field_db364f3]\" id=\"form-field-field_db364f3\" class=\"elementor-field elementor-size-md  elementor-field-textual\" placeholder=\"Votre r\u00e9ponse\" required=\"required\">\n\t\t\t\t\t\t\t\t\t\t\t<\/div>\n\t\t\t\t\t\t\t\t<div class=\"elementor-field-type-text elementor-field-group elementor-column elementor-field-group-field_aa3b9b4 elementor-col-50 elementor-md-100 elementor-field-required elementor-mark-required\">\n\t\t\t\t\t\t\t\t\t\t\t\t<label for=\"form-field-field_aa3b9b4\" class=\"elementor-field-label\">\n\t\t\t\t\t\t\t\tVille\t\t\t\t\t\t\t<\/label>\n\t\t\t\t\t\t\t\t\t\t\t\t\t\t<input size=\"1\" type=\"text\" name=\"form_fields[field_aa3b9b4]\" id=\"form-field-field_aa3b9b4\" class=\"elementor-field elementor-size-md  elementor-field-textual\" placeholder=\"Votre r\u00e9ponse\" required=\"required\">\n\t\t\t\t\t\t\t\t\t\t\t<\/div>\n\t\t\t\t\t\t\t\t<div class=\"elementor-field-type-text elementor-field-group elementor-column elementor-field-group-field_a72d44d elementor-col-50 elementor-md-100 elementor-field-required elementor-mark-required\">\n\t\t\t\t\t\t\t\t\t\t\t\t<label for=\"form-field-field_a72d44d\" class=\"elementor-field-label\">\n\t\t\t\t\t\t\t\tFonction\t\t\t\t\t\t\t<\/label>\n\t\t\t\t\t\t\t\t\t\t\t\t\t\t<input size=\"1\" type=\"text\" name=\"form_fields[field_a72d44d]\" id=\"form-field-field_a72d44d\" class=\"elementor-field elementor-size-md  elementor-field-textual\" placeholder=\"Votre r\u00e9ponse\" required=\"required\">\n\t\t\t\t\t\t\t\t\t\t\t<\/div>\n\t\t\t\t\t\t\t\t<div class=\"elementor-field-type-textarea elementor-field-group elementor-column elementor-field-group-field_1e5b23b elementor-col-100 elementor-md-100 elementor-field-required elementor-mark-required\">\n\t\t\t\t\t\t\t\t\t\t\t\t<label for=\"form-field-field_1e5b23b\" class=\"elementor-field-label\">\n\t\t\t\t\t\t\t\tComment pouvez-vous contribuer \u00e0 la r\u00e9alisation de nos missions et objectifs?\t\t\t\t\t\t\t<\/label>\n\t\t\t\t\t\t<textarea class=\"elementor-field-textual elementor-field  elementor-size-md\" name=\"form_fields[field_1e5b23b]\" id=\"form-field-field_1e5b23b\" rows=\"5\" placeholder=\"Votre r\u00e9ponse\" required=\"required\"><\/textarea>\t\t\t\t<\/div>\n\t\t\t\t\t\t\t\t<div class=\"elementor-field-type-checkbox elementor-field-group elementor-column elementor-field-group-field_ef1d7f9 elementor-col-100 elementor-md-100\">\n\t\t\t\t\t\t\t\t\t\t\t\t<label for=\"form-field-field_ef1d7f9\" class=\"elementor-field-label\">\n\t\t\t\t\t\t\t\tQuel est votre secteur d'activit\u00e9\t\t\t\t\t\t\t<\/label>\n\t\t\t\t\t\t<div class=\"elementor-field-subgroup  \"><span class=\"elementor-field-option\"><input type=\"checkbox\" value=\"- Jeunesse\" id=\"form-field-field_ef1d7f9-0\" name=\"form_fields[field_ef1d7f9][]\"> <label for=\"form-field-field_ef1d7f9-0\">- Jeunesse<\/label><\/span><span class=\"elementor-field-option\"><input type=\"checkbox\" value=\"- Femmes\" id=\"form-field-field_ef1d7f9-1\" name=\"form_fields[field_ef1d7f9][]\"> <label for=\"form-field-field_ef1d7f9-1\">- Femmes<\/label><\/span><span class=\"elementor-field-option\"><input type=\"checkbox\" value=\"- D\u00e9mocratie participative\" id=\"form-field-field_ef1d7f9-2\" name=\"form_fields[field_ef1d7f9][]\"> <label for=\"form-field-field_ef1d7f9-2\">- D\u00e9mocratie participative<\/label><\/span><span class=\"elementor-field-option\"><input type=\"checkbox\" value=\"- Culture\" id=\"form-field-field_ef1d7f9-3\" name=\"form_fields[field_ef1d7f9][]\"> <label for=\"form-field-field_ef1d7f9-3\">- Culture<\/label><\/span><span class=\"elementor-field-option\"><input type=\"checkbox\" value=\"- Citoyennet\u00e9 \" id=\"form-field-field_ef1d7f9-4\" name=\"form_fields[field_ef1d7f9][]\"> <label for=\"form-field-field_ef1d7f9-4\">- Citoyennet\u00e9 <\/label><\/span><span class=\"elementor-field-option\"><input type=\"checkbox\" value=\"- Formation\" id=\"form-field-field_ef1d7f9-5\" name=\"form_fields[field_ef1d7f9][]\"> <label for=\"form-field-field_ef1d7f9-5\">- Formation<\/label><\/span><span class=\"elementor-field-option\"><input type=\"checkbox\" value=\"- Entreprenariat\" id=\"form-field-field_ef1d7f9-6\" name=\"form_fields[field_ef1d7f9][]\"> <label for=\"form-field-field_ef1d7f9-6\">- Entreprenariat<\/label><\/span><span class=\"elementor-field-option\"><input type=\"checkbox\" value=\"- Leadership\" id=\"form-field-field_ef1d7f9-7\" name=\"form_fields[field_ef1d7f9][]\"> <label for=\"form-field-field_ef1d7f9-7\">- Leadership<\/label><\/span><span class=\"elementor-field-option\"><input type=\"checkbox\" value=\"- Inclusion Sociale\" id=\"form-field-field_ef1d7f9-8\" name=\"form_fields[field_ef1d7f9][]\"> <label for=\"form-field-field_ef1d7f9-8\">- Inclusion Sociale<\/label><\/span><span class=\"elementor-field-option\"><input type=\"checkbox\" value=\"- Autre\" id=\"form-field-field_ef1d7f9-9\" name=\"form_fields[field_ef1d7f9][]\"> <label for=\"form-field-field_ef1d7f9-9\">- Autre<\/label><\/span><\/div>\t\t\t\t<\/div>\n\t\t\t\t\t\t\t\t<div class=\"elementor-field-type-checkbox elementor-field-group elementor-column elementor-field-group-field_265adbf elementor-col-100 elementor-md-100\">\n\t\t\t\t\t\t\t\t\t\t\t\t<label for=\"form-field-field_265adbf\" class=\"elementor-field-label\">\n\t\t\t\t\t\t\t\tAvez vous un local pour accueillir des \u00e9v\u00e9nements\t\t\t\t\t\t\t<\/label>\n\t\t\t\t\t\t<div class=\"elementor-field-subgroup  \"><span class=\"elementor-field-option\"><input type=\"checkbox\" value=\"Oui\" id=\"form-field-field_265adbf-0\" name=\"form_fields[field_265adbf][]\"> <label for=\"form-field-field_265adbf-0\">Oui<\/label><\/span><span class=\"elementor-field-option\"><input type=\"checkbox\" value=\"Non\" id=\"form-field-field_265adbf-1\" name=\"form_fields[field_265adbf][]\"> <label for=\"form-field-field_265adbf-1\">Non<\/label><\/span><\/div>\t\t\t\t<\/div>\n\t\t\t\t\t\t\t\t<div class=\"elementor-field-type-upload elementor-field-group elementor-column elementor-field-group-field_8d50e2c elementor-col-100 elementor-md-100\">\n\t\t\t\t\t\t\t\t\t\t\t\t<label for=\"form-field-field_8d50e2c\" class=\"elementor-field-label\">\n\t\t\t\t\t\t\t\tSi oui, Pouvez vous nous envoyer des photos du local ?\t\t\t\t\t\t\t<\/label>\n\t\t\t\t\t\t\t\t<input type=\"file\" name=\"form_fields[field_8d50e2c][]\" id=\"form-field-field_8d50e2c\" class=\"elementor-field elementor-size-md  elementor-upload-field\" multiple=\"multiple\" data-maxsize=\"8\" data-maxsize-message=\"Ce fichier d\u00e9passe la taille maximale autoris\u00e9e.\">\n\n\t\t\t\t\t\t<\/div>\n\t\t\t\t\t\t\t\t<div class=\"elementor-field-group elementor-column elementor-field-type-submit elementor-col-100 e-form__buttons\">\n\t\t\t\t\t<button class=\"elementor-button elementor-size-md elementor-animation-bounce-out\" type=\"submit\">\n\t\t\t\t\t\t<span class=\"elementor-button-content-wrapper\">\n\t\t\t\t\t\t\t\t\t\t\t\t\t\t\t<span class=\"elementor-button-icon\">\n\t\t\t\t\t\t\t\t\t<i aria-hidden=\"true\" class=\"icon icon-envelope3\"><\/i>\t\t\t\t\t\t\t\t\t\t\t\t\t\t\t\t\t<\/span>\n\t\t\t\t\t\t\t\t\t\t\t\t\t\t\t\t\t\t\t\t\t\t<span class=\"elementor-button-text\">Envoyer<\/span>\n\t\t\t\t\t\t\t\t\t\t\t\t\t<\/span>\n\t\t\t\t\t<\/button>\n\t\t\t\t<\/div>\n\t\t\t<\/div>\n\t\t<\/form>\n\t\t\t\t\t\t<\/div>\n\t\t\t\t<\/div>\n\t\t\t\t\t<\/div>\n\t\t<\/div>\n\t\t\t\t\t<\/div>\n\t\t<\/section>\n\t\t\t\t<div class=\"elementor-element elementor-element-1e43ca67 elementor-widget elementor-widget-spacer\" data-id=\"1e43ca67\" data-element_type=\"widget\" data-e-type=\"widget\" data-widget_type=\"spacer.default\">\n\t\t\t\t<div class=\"elementor-widget-container\">\n\t\t\t\t\t\t\t<div class=\"elementor-spacer\">\n\t\t\t<div class=\"elementor-spacer-inner\"><\/div>\n\t\t<\/div>\n\t\t\t\t\t\t<\/div>\n\t\t\t\t<\/div>\n\t\t\t\t\t<\/div>\n\t\t<\/div>\n\t\t\t\t\t<\/div>\n\t\t<\/section>\n\t\t\t\t<\/div>\n\t\t","protected":false},"excerpt":{"rendered":"<p>Devenir Ambassadeur\/ice de notre mouvement Vous \u00eates un jeune leader engag\u00e9, d\u00e9sireux de continuer \u00e0 apprendre et de partager les valeurs de l&rsquo;association Les Citoyens dans votre communaut\u00e9 locale, nous vous invitons \u00e0 rejoindre notre r\u00e9seau d&rsquo;ambassadeurs et d&rsquo;ambassadrices citoyens\/nes. En vous associant \u00e0 nous, vous aurez l&rsquo;opportunit\u00e9 de cr\u00e9er un impact significatif dans votre [&hellip;]<\/p>\n","protected":false},"author":1,"featured_media":0,"parent":0,"menu_order":0,"comment_status":"closed","ping_status":"closed","template":"elementor_header_footer","meta":{"footnotes":""},"class_list":["post-3038","page","type-page","status-publish","hentry"],"_links":{"self":[{"href":"https:\/\/les-citoyens.org\/New\/wp-json\/wp\/v2\/pages\/3038","targetHints":{"allow":["GET"]}}],"collection":[{"href":"https:\/\/les-citoyens.org\/New\/wp-json\/wp\/v2\/pages"}],"about":[{"href":"https:\/\/les-citoyens.org\/New\/wp-json\/wp\/v2\/types\/page"}],"author":[{"embeddable":true,"href":"https:\/\/les-citoyens.org\/New\/wp-json\/wp\/v2\/users\/1"}],"replies":[{"embeddable":true,"href":"https:\/\/les-citoyens.org\/New\/wp-json\/wp\/v2\/comments?post=3038"}],"version-history":[{"count":22,"href":"https:\/\/les-citoyens.org\/New\/wp-json\/wp\/v2\/pages\/3038\/revisions"}],"predecessor-version":[{"id":4902,"href":"https:\/\/les-citoyens.org\/New\/wp-json\/wp\/v2\/pages\/3038\/revisions\/4902"}],"wp:attachment":[{"href":"https:\/\/les-citoyens.org\/New\/wp-json\/wp\/v2\/media?parent=3038"}],"curies":[{"name":"wp","href":"https:\/\/api.w.org\/{rel}","templated":true}]}}