{"id":4086,"date":"2023-01-23T18:44:33","date_gmt":"2023-01-23T18:44:33","guid":{"rendered":"https:\/\/les-citoyens.org\/New\/?page_id=4086"},"modified":"2023-01-26T20:36:12","modified_gmt":"2023-01-26T20:36:12","slug":"publications","status":"publish","type":"page","link":"https:\/\/les-citoyens.org\/New\/publications\/","title":{"rendered":"Publications"},"content":{"rendered":"\t\t<div data-elementor-type=\"wp-page\" data-elementor-id=\"4086\" class=\"elementor elementor-4086\" data-elementor-post-type=\"page\">\n\t\t\t\t<div class=\"elementor-element elementor-element-23a5a615 e-con-full e-flex e-con e-parent\" data-id=\"23a5a615\" data-element_type=\"container\" data-e-type=\"container\" data-settings=\"{&quot;background_background&quot;:&quot;classic&quot;}\">\n\t\t<div class=\"elementor-element elementor-element-7ff8959b e-con-full e-flex e-con e-parent\" data-id=\"7ff8959b\" data-element_type=\"container\" data-e-type=\"container\">\n\t\t\t\t<div class=\"elementor-element elementor-element-32898263 elementor-widget__width-inherit elementor-widget-tablet__width-initial elementor-widget elementor-widget-heading\" data-id=\"32898263\" data-element_type=\"widget\" data-e-type=\"widget\" data-widget_type=\"heading.default\">\n\t\t\t\t<div class=\"elementor-widget-container\">\n\t\t\t\t\t<h1 class=\"elementor-heading-title elementor-size-default\">Publications<\/h1>\t\t\t\t<\/div>\n\t\t\t\t<\/div>\n\t\t\t\t<\/div>\n\t\t\t\t<\/div>\n\t\t\t\t<section class=\"elementor-section elementor-top-section elementor-element elementor-element-2b335798 elementor-section-boxed elementor-section-height-default elementor-section-height-default\" data-id=\"2b335798\" data-element_type=\"section\" data-e-type=\"section\" data-settings=\"{&quot;background_background&quot;:&quot;classic&quot;}\">\n\t\t\t\t\t\t\t<div class=\"elementor-background-overlay\"><\/div>\n\t\t\t\t\t\t\t<div class=\"elementor-container elementor-column-gap-default\">\n\t\t\t\t\t<div class=\"elementor-column elementor-col-100 elementor-top-column elementor-element elementor-element-4204f161\" data-id=\"4204f161\" data-element_type=\"column\" data-e-type=\"column\">\n\t\t\t<div class=\"elementor-widget-wrap elementor-element-populated\">\n\t\t\t\t\t\t<section class=\"elementor-section elementor-inner-section elementor-element elementor-element-32822d2d elementor-section-full_width elementor-section-height-default elementor-section-height-default\" data-id=\"32822d2d\" data-element_type=\"section\" data-e-type=\"section\" data-settings=\"{&quot;background_background&quot;:&quot;classic&quot;}\">\n\t\t\t\t\t\t\t<div class=\"elementor-background-overlay\"><\/div>\n\t\t\t\t\t\t\t<div class=\"elementor-container elementor-column-gap-default\">\n\t\t\t\t\t<div class=\"elementor-column elementor-col-50 elementor-inner-column elementor-element elementor-element-14293257\" data-id=\"14293257\" data-element_type=\"column\" data-e-type=\"column\">\n\t\t\t<div class=\"elementor-widget-wrap\">\n\t\t\t\t\t\t\t<\/div>\n\t\t<\/div>\n\t\t\t\t<div class=\"elementor-column elementor-col-50 elementor-inner-column elementor-element elementor-element-ff31185\" data-id=\"ff31185\" data-element_type=\"column\" data-e-type=\"column\">\n\t\t\t<div class=\"elementor-widget-wrap elementor-element-populated\">\n\t\t\t\t\t\t<div class=\"elementor-element elementor-element-6d342e92 elementor-invisible elementor-widget elementor-widget-image\" data-id=\"6d342e92\" data-element_type=\"widget\" data-e-type=\"widget\" data-settings=\"{&quot;motion_fx_motion_fx_mouse&quot;:&quot;yes&quot;,&quot;_animation&quot;:&quot;fadeInUp&quot;}\" data-widget_type=\"image.default\">\n\t\t\t\t<div class=\"elementor-widget-container\">\n\t\t\t\t\t\t\t\t\t\t\t\t\t\t\t\t<a href=\"https:\/\/les-citoyens.org\/New\/wp-content\/uploads\/2020\/12\/Pour-un-Maroc-des-ee%CC%8Cmergences-p.pdf\">\n\t\t\t\t\t\t\t<img fetchpriority=\"high\" decoding=\"async\" width=\"576\" height=\"800\" src=\"https:\/\/les-citoyens.org\/New\/wp-content\/uploads\/2023\/01\/les-citoyens-576x800.png\" class=\"attachment-large size-large wp-image-3790\" alt=\"\" srcset=\"https:\/\/les-citoyens.org\/New\/wp-content\/uploads\/2023\/01\/les-citoyens-576x800.png 576w, https:\/\/les-citoyens.org\/New\/wp-content\/uploads\/2023\/01\/les-citoyens-288x400.png 288w, https:\/\/les-citoyens.org\/New\/wp-content\/uploads\/2023\/01\/les-citoyens-768x1068.png 768w, https:\/\/les-citoyens.org\/New\/wp-content\/uploads\/2023\/01\/les-citoyens-510x709.png 510w, https:\/\/les-citoyens.org\/New\/wp-content\/uploads\/2023\/01\/les-citoyens.png 882w\" sizes=\"(max-width: 576px) 100vw, 576px\" \/>\t\t\t\t\t\t\t\t<\/a>\n\t\t\t\t\t\t\t\t\t\t\t\t\t\t\t<\/div>\n\t\t\t\t<\/div>\n\t\t\t\t\t<\/div>\n\t\t<\/div>\n\t\t\t\t\t<\/div>\n\t\t<\/section>\n\t\t\t\t\t<\/div>\n\t\t<\/div>\n\t\t\t\t\t<\/div>\n\t\t<\/section>\n\t\t\t\t<\/div>\n\t\t","protected":false},"excerpt":{"rendered":"<p>Publications cette page est consacr\u00e9e aux publications \u00e9mises dans le cadre de nos activit\u00e9s diverses. Pour un Maroc des \u00e9mergences (FR .PDF) Economia &#8211; LesCitoyens &#8211; FH &#8211; Oxfam T\u00e9l\u00e9charger<\/p>\n","protected":false},"author":1,"featured_media":0,"parent":0,"menu_order":0,"comment_status":"closed","ping_status":"closed","template":"elementor_header_footer","meta":{"footnotes":""},"class_list":["post-4086","page","type-page","status-publish","hentry"],"_links":{"self":[{"href":"https:\/\/les-citoyens.org\/New\/wp-json\/wp\/v2\/pages\/4086","targetHints":{"allow":["GET"]}}],"collection":[{"href":"https:\/\/les-citoyens.org\/New\/wp-json\/wp\/v2\/pages"}],"about":[{"href":"https:\/\/les-citoyens.org\/New\/wp-json\/wp\/v2\/types\/page"}],"author":[{"embeddable":true,"href":"https:\/\/les-citoyens.org\/New\/wp-json\/wp\/v2\/users\/1"}],"replies":[{"embeddable":true,"href":"https:\/\/les-citoyens.org\/New\/wp-json\/wp\/v2\/comments?post=4086"}],"version-history":[{"count":13,"href":"https:\/\/les-citoyens.org\/New\/wp-json\/wp\/v2\/pages\/4086\/revisions"}],"predecessor-version":[{"id":4582,"href":"https:\/\/les-citoyens.org\/New\/wp-json\/wp\/v2\/pages\/4086\/revisions\/4582"}],"wp:attachment":[{"href":"https:\/\/les-citoyens.org\/New\/wp-json\/wp\/v2\/media?parent=4086"}],"curies":[{"name":"wp","href":"https:\/\/api.w.org\/{rel}","templated":true}]}}